{"id":30201,"date":"2023-06-14T16:22:53","date_gmt":"2023-06-14T14:22:53","guid":{"rendered":"https:\/\/casa-web.it\/wer-sind-wir\/"},"modified":"2025-02-04T12:39:16","modified_gmt":"2025-02-04T11:39:16","slug":"wer-sind-wir","status":"publish","type":"page","link":"https:\/\/casa-web.it\/de\/wer-sind-wir\/","title":{"rendered":"Wer sind wir"},"content":{"rendered":"\t\t<div data-elementor-type=\"wp-page\" data-elementor-id=\"30201\" class=\"elementor elementor-30201 elementor-11473\" data-elementor-post-type=\"page\">\n\t\t\t\t<div class=\"elementor-element elementor-element-b0bff8d e-flex e-con-boxed e-con e-parent\" data-id=\"b0bff8d\" data-element_type=\"container\" data-settings=\"{&quot;background_background&quot;:&quot;slideshow&quot;,&quot;background_slideshow_gallery&quot;:[{&quot;id&quot;:19696,&quot;url&quot;:&quot;https:\\\/\\\/casa-web.it\\\/wp-content\\\/uploads\\\/2023\\\/11\\\/Comprare-casa-2.jpeg&quot;}],&quot;background_slideshow_loop&quot;:&quot;yes&quot;,&quot;background_slideshow_slide_duration&quot;:5000,&quot;background_slideshow_slide_transition&quot;:&quot;fade&quot;,&quot;background_slideshow_transition_duration&quot;:500}\">\n\t\t\t\t\t<div class=\"e-con-inner\">\n\t\t\t\t<div class=\"elementor-element elementor-element-65a38d5 elementor-widget elementor-widget-heading\" data-id=\"65a38d5\" data-element_type=\"widget\" data-widget_type=\"heading.default\">\n\t\t\t\t<div class=\"elementor-widget-container\">\n\t\t\t\t\t<h2 class=\"elementor-heading-title elementor-size-default\">Wer sind wir<\/h2>\t\t\t\t<\/div>\n\t\t\t\t<\/div>\n\t\t\t\t\t<\/div>\n\t\t\t\t<\/div>\n\t\t<div class=\"elementor-element elementor-element-2401b2d e-flex e-con-boxed e-con e-parent\" data-id=\"2401b2d\" data-element_type=\"container\">\n\t\t\t\t\t<div class=\"e-con-inner\">\n\t\t\t\t<div class=\"elementor-element elementor-element-f89a1e2 elementor-widget elementor-widget-text-editor\" data-id=\"f89a1e2\" data-element_type=\"widget\" data-widget_type=\"text-editor.default\">\n\t\t\t\t<div class=\"elementor-widget-container\">\n\t\t\t\t\t\t\t\t\t<p>Die Agentur Casa Web, gegr\u00fcndet von Antonio D\u2019Avino, ist seit Mai 1997 im Gebiet des Nordufers des Lago Maggiore t\u00e4tig auf den Verkauf und die Vermietung von Immobilien spezialisiert.<\/p>\n<p>Dank ihrer kompetenten Mitarbeiter und ihrer umfassenden territorialen Abdeckung von etwa 20 Gemeinden ist sie ein Referenzpunkt auf dem Immobilienmarkt von Luino.<\/p>\n<p>Seit den ersten Jahren hat sich Casa Web durch Folgendes ausgezeichnet: die Betreuung des Kunden, der w\u00e4hrend des gesamten Kauf- und Verkaufsprozesses begleitet wird, die Investitionen in die Werbung und die Ausbildung der Mitarbeiter.<\/p>\n\t\t\t\t\t\t\t\t<\/div>\n\t\t\t\t<\/div>\n\t\t\t\t\t<\/div>\n\t\t\t\t<\/div>\n\t\t<div class=\"elementor-element elementor-element-6b78ecc e-flex e-con-boxed e-con e-parent\" data-id=\"6b78ecc\" data-element_type=\"container\">\n\t\t\t\t\t<div class=\"e-con-inner\">\n\t\t\t\t<div class=\"elementor-element elementor-element-8976830 elementor-widget__width-initial elementor-widget elementor-widget-text-editor\" data-id=\"8976830\" data-element_type=\"widget\" data-widget_type=\"text-editor.default\">\n\t\t\t\t<div class=\"elementor-widget-container\">\n\t\t\t\t\t\t\t\t\t<p>Casa Web ist in <strong>Luino <\/strong>(VA), 4 km von der Schweizer Grenze Fornasette, 10 km von Ponte Tresa, nur 18 km von Lugano, 30 km von Varese und 90 km von Mailand entfernt. Luino ist eine Stadt mit 15.000 Einwohnern. Die Stadt ist stolz darauf, der Geburtsort ber\u00fchmter Pers\u00f6nlichkeiten aus der Welt der Kultur (Piero Chiara &#8211; Schriftsteller, Vittorio Sereni &#8211; Dichter) und der Unterhaltung zu sein.<\/p>\n<p>Das ganze Jahr \u00fcber organisiert die Stadt verschiedene kulturelle und folkloristische Veranstaltungen und beherbergt jeden Mittwoch einen Markt, der auch im Ausland bekannt ist und w\u00f6chentlich von zahlreichen Touristen besucht wird.<\/p>\n<p>Sowohl Luino als auch die charakteristischen D\u00f6rfer sind seit jeher ein beliebtes Ziel f\u00fcr Deutsche, Schweizer und Niederl\u00e4nder (in Germignaga gibt es ein \u201eDutch Village\u201c).<\/p>\n<p>Das B\u00fcro ist von Dienstag bis Samstag ge\u00f6ffnet:<br \/>vormittags von 9:00 bis 12:00 Uhr<br \/>nachmittags von 14:00 bis 19:00 Uhr<\/p>\n\t\t\t\t\t\t\t\t<\/div>\n\t\t\t\t<\/div>\n\t\t\t\t<div class=\"elementor-element elementor-element-81ed782 elementor-widget__width-initial elementor-widget elementor-widget-google_maps\" data-id=\"81ed782\" data-element_type=\"widget\" data-widget_type=\"google_maps.default\">\n\t\t\t\t<div class=\"elementor-widget-container\">\n\t\t\t\t\t\t\t<div class=\"elementor-custom-embed\">\n\t\t\t<iframe loading=\"lazy\"\n\t\t\t\t\tsrc=\"https:\/\/maps.google.com\/maps?q=Corso%20XXV%20Aprile%2C%2061%2021016%20Luino%20%28Varese%29%20-%20Italia&#038;t=m&#038;z=10&#038;output=embed&#038;iwloc=near\"\n\t\t\t\t\ttitle=\"Corso XXV Aprile, 61 21016 Luino (Varese) - Italia\"\n\t\t\t\t\taria-label=\"Corso XXV Aprile, 61 21016 Luino (Varese) - Italia\"\n\t\t\t><\/iframe>\n\t\t<\/div>\n\t\t\t\t\t\t<\/div>\n\t\t\t\t<\/div>\n\t\t\t\t\t<\/div>\n\t\t\t\t<\/div>\n\t\t\t\t<\/div>\n\t\t","protected":false},"excerpt":{"rendered":"<p>Wer sind wir Die Agentur Casa Web, gegr\u00fcndet von Antonio D\u2019Avino, ist seit Mai 1997 im Gebiet des Nordufers des Lago Maggiore t\u00e4tig auf den Verkauf und die Vermietung von Immobilien spezialisiert. Dank ihrer kompetenten Mitarbeiter und ihrer umfassenden territorialen Abdeckung von etwa 20 Gemeinden ist sie ein Referenzpunkt auf dem Immobilienmarkt von Luino. Seit&#8230;<\/p>\n","protected":false},"author":1,"featured_media":0,"parent":0,"menu_order":0,"comment_status":"closed","ping_status":"closed","template":"elementor_header_footer","meta":{"footnotes":""},"class_list":["post-30201","page","type-page","status-publish","hentry"],"yoast_head":"<!-- This site is optimized with the Yoast SEO plugin v24.6 - https:\/\/yoast.com\/wordpress\/plugins\/seo\/ -->\n<title>Wer sind wir - CasaWeb<\/title>\n<meta name=\"robots\" content=\"index, follow, max-snippet:-1, max-image-preview:large, max-video-preview:-1\" \/>\n<link rel=\"canonical\" href=\"https:\/\/casa-web.it\/de\/wer-sind-wir\/\" \/>\n<meta property=\"og:locale\" content=\"de_DE\" \/>\n<meta property=\"og:type\" content=\"article\" \/>\n<meta property=\"og:title\" content=\"Wer sind wir - CasaWeb\" \/>\n<meta property=\"og:description\" content=\"Wer sind wir Die Agentur Casa Web, gegr\u00fcndet von Antonio D\u2019Avino, ist seit Mai 1997 im Gebiet des Nordufers des Lago Maggiore t\u00e4tig auf den Verkauf und die Vermietung von Immobilien spezialisiert. Dank ihrer kompetenten Mitarbeiter und ihrer umfassenden territorialen Abdeckung von etwa 20 Gemeinden ist sie ein Referenzpunkt auf dem Immobilienmarkt von Luino. Seit...\" \/>\n<meta property=\"og:url\" content=\"https:\/\/casa-web.it\/de\/wer-sind-wir\/\" \/>\n<meta property=\"og:site_name\" content=\"CasaWeb\" \/>\n<meta property=\"article:modified_time\" content=\"2025-02-04T11:39:16+00:00\" \/>\n<meta name=\"twitter:card\" content=\"summary_large_image\" \/>\n<meta name=\"twitter:label1\" content=\"Gesch\u00e4tzte Lesezeit\" \/>\n\t<meta name=\"twitter:data1\" content=\"1\u00a0Minute\" \/>\n<script type=\"application\/ld+json\" class=\"yoast-schema-graph\">{\"@context\":\"https:\/\/schema.org\",\"@graph\":[{\"@type\":\"WebPage\",\"@id\":\"https:\/\/casa-web.it\/de\/wer-sind-wir\/\",\"url\":\"https:\/\/casa-web.it\/de\/wer-sind-wir\/\",\"name\":\"Wer sind wir - CasaWeb\",\"isPartOf\":{\"@id\":\"https:\/\/casa-web.it\/#website\"},\"datePublished\":\"2023-06-14T14:22:53+00:00\",\"dateModified\":\"2025-02-04T11:39:16+00:00\",\"inLanguage\":\"de\",\"potentialAction\":[{\"@type\":\"ReadAction\",\"target\":[\"https:\/\/casa-web.it\/de\/wer-sind-wir\/\"]}]},{\"@type\":\"WebSite\",\"@id\":\"https:\/\/casa-web.it\/#website\",\"url\":\"https:\/\/casa-web.it\/\",\"name\":\"CasaWeb\",\"description\":\"\",\"publisher\":{\"@id\":\"https:\/\/casa-web.it\/#organization\"},\"potentialAction\":[{\"@type\":\"SearchAction\",\"target\":{\"@type\":\"EntryPoint\",\"urlTemplate\":\"https:\/\/casa-web.it\/?s={search_term_string}\"},\"query-input\":{\"@type\":\"PropertyValueSpecification\",\"valueRequired\":true,\"valueName\":\"search_term_string\"}}],\"inLanguage\":\"de\"},{\"@type\":\"Organization\",\"@id\":\"https:\/\/casa-web.it\/#organization\",\"name\":\"CasaWeb\",\"url\":\"https:\/\/casa-web.it\/\",\"logo\":{\"@type\":\"ImageObject\",\"inLanguage\":\"de\",\"@id\":\"https:\/\/casa-web.it\/#\/schema\/logo\/image\/\",\"url\":\"https:\/\/casa-web.it\/wp-content\/uploads\/2023\/02\/casa-web-logo-2.webp\",\"contentUrl\":\"https:\/\/casa-web.it\/wp-content\/uploads\/2023\/02\/casa-web-logo-2.webp\",\"width\":690,\"height\":154,\"caption\":\"CasaWeb\"},\"image\":{\"@id\":\"https:\/\/casa-web.it\/#\/schema\/logo\/image\/\"}}]}<\/script>\n<!-- \/ Yoast SEO plugin. -->","yoast_head_json":{"title":"Wer sind wir - CasaWeb","robots":{"index":"index","follow":"follow","max-snippet":"max-snippet:-1","max-image-preview":"max-image-preview:large","max-video-preview":"max-video-preview:-1"},"canonical":"https:\/\/casa-web.it\/de\/wer-sind-wir\/","og_locale":"de_DE","og_type":"article","og_title":"Wer sind wir - CasaWeb","og_description":"Wer sind wir Die Agentur Casa Web, gegr\u00fcndet von Antonio D\u2019Avino, ist seit Mai 1997 im Gebiet des Nordufers des Lago Maggiore t\u00e4tig auf den Verkauf und die Vermietung von Immobilien spezialisiert. Dank ihrer kompetenten Mitarbeiter und ihrer umfassenden territorialen Abdeckung von etwa 20 Gemeinden ist sie ein Referenzpunkt auf dem Immobilienmarkt von Luino. Seit...","og_url":"https:\/\/casa-web.it\/de\/wer-sind-wir\/","og_site_name":"CasaWeb","article_modified_time":"2025-02-04T11:39:16+00:00","twitter_card":"summary_large_image","twitter_misc":{"Gesch\u00e4tzte Lesezeit":"1\u00a0Minute"},"schema":{"@context":"https:\/\/schema.org","@graph":[{"@type":"WebPage","@id":"https:\/\/casa-web.it\/de\/wer-sind-wir\/","url":"https:\/\/casa-web.it\/de\/wer-sind-wir\/","name":"Wer sind wir - CasaWeb","isPartOf":{"@id":"https:\/\/casa-web.it\/#website"},"datePublished":"2023-06-14T14:22:53+00:00","dateModified":"2025-02-04T11:39:16+00:00","inLanguage":"de","potentialAction":[{"@type":"ReadAction","target":["https:\/\/casa-web.it\/de\/wer-sind-wir\/"]}]},{"@type":"WebSite","@id":"https:\/\/casa-web.it\/#website","url":"https:\/\/casa-web.it\/","name":"CasaWeb","description":"","publisher":{"@id":"https:\/\/casa-web.it\/#organization"},"potentialAction":[{"@type":"SearchAction","target":{"@type":"EntryPoint","urlTemplate":"https:\/\/casa-web.it\/?s={search_term_string}"},"query-input":{"@type":"PropertyValueSpecification","valueRequired":true,"valueName":"search_term_string"}}],"inLanguage":"de"},{"@type":"Organization","@id":"https:\/\/casa-web.it\/#organization","name":"CasaWeb","url":"https:\/\/casa-web.it\/","logo":{"@type":"ImageObject","inLanguage":"de","@id":"https:\/\/casa-web.it\/#\/schema\/logo\/image\/","url":"https:\/\/casa-web.it\/wp-content\/uploads\/2023\/02\/casa-web-logo-2.webp","contentUrl":"https:\/\/casa-web.it\/wp-content\/uploads\/2023\/02\/casa-web-logo-2.webp","width":690,"height":154,"caption":"CasaWeb"},"image":{"@id":"https:\/\/casa-web.it\/#\/schema\/logo\/image\/"}}]}},"_links":{"self":[{"href":"https:\/\/casa-web.it\/de\/wp-json\/wp\/v2\/pages\/30201","targetHints":{"allow":["GET"]}}],"collection":[{"href":"https:\/\/casa-web.it\/de\/wp-json\/wp\/v2\/pages"}],"about":[{"href":"https:\/\/casa-web.it\/de\/wp-json\/wp\/v2\/types\/page"}],"author":[{"embeddable":true,"href":"https:\/\/casa-web.it\/de\/wp-json\/wp\/v2\/users\/1"}],"replies":[{"embeddable":true,"href":"https:\/\/casa-web.it\/de\/wp-json\/wp\/v2\/comments?post=30201"}],"version-history":[{"count":3,"href":"https:\/\/casa-web.it\/de\/wp-json\/wp\/v2\/pages\/30201\/revisions"}],"predecessor-version":[{"id":30264,"href":"https:\/\/casa-web.it\/de\/wp-json\/wp\/v2\/pages\/30201\/revisions\/30264"}],"wp:attachment":[{"href":"https:\/\/casa-web.it\/de\/wp-json\/wp\/v2\/media?parent=30201"}],"curies":[{"name":"wp","href":"https:\/\/api.w.org\/{rel}","templated":true}]}}